{"id":2185,"date":"2025-02-13T19:31:07","date_gmt":"2025-02-13T18:31:07","guid":{"rendered":"https:\/\/marinacergar.com\/privacybeleid-en-cookies\/"},"modified":"2025-11-07T13:48:45","modified_gmt":"2025-11-07T12:48:45","slug":"privacybeleid-en-cookies","status":"publish","type":"page","link":"https:\/\/marinacergar.com\/nl\/privacybeleid-en-cookies\/","title":{"rendered":"Privacybeleid en Cookies"},"content":{"rendered":"\t\t<div data-elementor-type=\"wp-page\" data-elementor-id=\"2185\" class=\"elementor elementor-2185 elementor-1103\" data-elementor-post-type=\"page\">\n\t\t\t\t<div class=\"elementor-element elementor-element-203303d1 e-flex e-con-boxed elementor-invisible e-con e-parent\" data-id=\"203303d1\" data-element_type=\"container\" data-settings=\"{&quot;animation&quot;:&quot;fadeIn&quot;,&quot;background_background&quot;:&quot;classic&quot;}\">\n\t\t\t\t\t<div class=\"e-con-inner\">\n\t\t\t\t<div class=\"elementor-element elementor-element-2761fb11 e-transform elementor-widget elementor-widget-text-editor\" data-id=\"2761fb11\" data-element_type=\"widget\" data-settings=\"{&quot;_transform_translateX_effect&quot;:{&quot;unit&quot;:&quot;px&quot;,&quot;size&quot;:&quot;&quot;,&quot;sizes&quot;:[]},&quot;_transform_translateX_effect_tablet&quot;:{&quot;unit&quot;:&quot;px&quot;,&quot;size&quot;:&quot;&quot;,&quot;sizes&quot;:[]},&quot;_transform_translateX_effect_mobile&quot;:{&quot;unit&quot;:&quot;px&quot;,&quot;size&quot;:&quot;&quot;,&quot;sizes&quot;:[]},&quot;_transform_translateY_effect&quot;:{&quot;unit&quot;:&quot;px&quot;,&quot;size&quot;:&quot;&quot;,&quot;sizes&quot;:[]},&quot;_transform_translateY_effect_tablet&quot;:{&quot;unit&quot;:&quot;px&quot;,&quot;size&quot;:&quot;&quot;,&quot;sizes&quot;:[]},&quot;_transform_translateY_effect_mobile&quot;:{&quot;unit&quot;:&quot;px&quot;,&quot;size&quot;:&quot;&quot;,&quot;sizes&quot;:[]}}\" data-widget_type=\"text-editor.default\">\n\t\t\t\t<div class=\"elementor-widget-container\">\n\t\t\t\t\t\t\t\t\t<p>PRIVACYBELEID<\/p>\t\t\t\t\t\t\t\t<\/div>\n\t\t\t\t<\/div>\n\t\t\t\t<div class=\"elementor-element elementor-element-22b98c8 elementor-widget elementor-widget-text-editor\" data-id=\"22b98c8\" data-element_type=\"widget\" data-widget_type=\"text-editor.default\">\n\t\t\t\t<div class=\"elementor-widget-container\">\n\t\t\t\t\t\t\t\t\t<p>Dit privacybeleid beschrijft hoe het bedrijf <strong>&#8220;MARINA \u010cERGAR STYLECOACH, eigenaar Marina \u010cergar&#8221;<\/strong> <em>(hierna &#8220;Verwerkingsverantwoordelijke&#8221; genoemd)<\/em> persoonlijke gegevens van gebruikers van de website <span style=\"color: #884d53;\"><strong><a style=\"color: #884d53;\" href=\"http:\/\/www.marinacergar.com\">www.marinacergar.com<\/a><\/strong><\/span> verzamelt, gebruikt en beschermt in overeenstemming met de <strong>Algemene Verordening Gegevensbescherming (AVG) en relevante wetgeving van de Republiek Kroati\u00eb<\/strong>.<\/p><h3> <\/h3><h3>Verwerkingsverantwoordelijke<\/h3><p><strong>MARINA \u010cERGAR STYLECOACH, eigenaar Marina \u010cergar<\/strong><br>Adres: Dugnjevec 20, 49295 Kumrovec<br>E-mail: hello@marinacergar.com<\/p><h3> <\/h3><h3>Welke gegevens verzamelen we?<\/h3><p>De verwerkingsverantwoordelijke verzamelt de volgende persoonlijke gegevens via het contactformulier:<\/p><ol data-spread=\"false\"><li><p>Voor- en achternaam<\/p><\/li><li><p>E-mailadres<\/p><\/li><\/ol><h3> <\/h3><h3>Doel en rechtsgrond voor gegevensverwerking<\/h3><p>We gebruiken de verzamelde gegevens uitsluitend voor het verwerken van verzoeken en het beantwoorden van contactformulieren <em>(rechtsgrond: toestemming van de gebruiker)<\/em><\/p><h3> <\/h3><h3>Delen van gegevens met derden<\/h3><p>De verwerkingsverantwoordelijke verkoopt of verhuurt geen persoonlijke gegevens van gebruikers aan derden. Gegevens worden niet gedeeld met andere entiteiten, tenzij wettelijk verplicht. <\/p><h3> <\/h3><h3>Bewaartermijn van gegevens<\/h3><p>Persoonlijke gegevens worden een jaar bewaard vanaf de datum van ontvangst, waarna ze permanent worden verwijderd.<\/p><h3> <\/h3><h3>Rechten van gebruikers<\/h3><p>Gebruikers hebben recht op:<\/p><ol><li>Toegang tot hun gegevens<\/li><li>Correctie of verwijdering van gegevens<\/li><li>Beperking van verwerking<\/li><li>Gegevensoverdraagbaarheid<\/li><li>Indienen van bezwaar<\/li><\/ol><p>Gebruikers hebben het recht om op elk moment verwijdering van hun persoonlijke gegevens te vragen. Om dit recht of enig ander recht met betrekking tot gegevensverwerking uit te oefenen, kunnen gebruikers contact opnemen via e-mail op <a href=\"mailto:hello@hello@marinacergar.com.com\"><span style=\"color: #884d53;\"><strong>hello@marinacergar.com<\/strong><\/span><\/a>. <\/p><p>Als gebruikers van mening zijn dat er een inbreuk is geweest op hun rechten met betrekking tot de verwerking van persoonlijke gegevens, kunnen ze een klacht indienen bij de <span style=\"color: #884d53;\"><strong><a style=\"color: #884d53;\" href=\"https:\/\/www.azop.hr\/\" target=\"_blank\" rel=\"noopener\">Autoriteit Persoonsgegevens (AP)<\/a><\/strong><\/span>.<\/p><h3> <\/h3><h3>Gegevensbeveiliging<\/h3><p>We nemen passende technische en organisatorische maatregelen om persoonlijke gegevens te beschermen.<\/p><h3> <\/h3><h3>Wijzigingen in het privacybeleid<\/h3><p data-pm-slice=\"1 1 []\">De verwerkingsverantwoordelijke behoudt zich het recht voor om dit beleid te wijzigen. De bijgewerkte versie zal op de website worden gepubliceerd. <\/p>\t\t\t\t\t\t\t\t<\/div>\n\t\t\t\t<\/div>\n\t\t\t\t<div class=\"elementor-element elementor-element-66df352 elementor-widget-divider--view-line elementor-widget elementor-widget-divider\" data-id=\"66df352\" data-element_type=\"widget\" data-widget_type=\"divider.default\">\n\t\t\t\t<div class=\"elementor-widget-container\">\n\t\t\t\t\t\t\t<div class=\"elementor-divider\">\n\t\t\t<span class=\"elementor-divider-separator\">\n\t\t\t\t\t\t<\/span>\n\t\t<\/div>\n\t\t\t\t\t\t<\/div>\n\t\t\t\t<\/div>\n\t\t\t\t<div class=\"elementor-element elementor-element-38be905 e-transform elementor-widget elementor-widget-text-editor\" data-id=\"38be905\" data-element_type=\"widget\" id=\"kolacici\" data-settings=\"{&quot;_transform_translateX_effect&quot;:{&quot;unit&quot;:&quot;px&quot;,&quot;size&quot;:&quot;&quot;,&quot;sizes&quot;:[]},&quot;_transform_translateX_effect_tablet&quot;:{&quot;unit&quot;:&quot;px&quot;,&quot;size&quot;:&quot;&quot;,&quot;sizes&quot;:[]},&quot;_transform_translateX_effect_mobile&quot;:{&quot;unit&quot;:&quot;px&quot;,&quot;size&quot;:&quot;&quot;,&quot;sizes&quot;:[]},&quot;_transform_translateY_effect&quot;:{&quot;unit&quot;:&quot;px&quot;,&quot;size&quot;:&quot;&quot;,&quot;sizes&quot;:[]},&quot;_transform_translateY_effect_tablet&quot;:{&quot;unit&quot;:&quot;px&quot;,&quot;size&quot;:&quot;&quot;,&quot;sizes&quot;:[]},&quot;_transform_translateY_effect_mobile&quot;:{&quot;unit&quot;:&quot;px&quot;,&quot;size&quot;:&quot;&quot;,&quot;sizes&quot;:[]}}\" data-widget_type=\"text-editor.default\">\n\t\t\t\t<div class=\"elementor-widget-container\">\n\t\t\t\t\t\t\t\t\t<p>COOKIES<\/p>\t\t\t\t\t\t\t\t<\/div>\n\t\t\t\t<\/div>\n\t\t\t\t<div class=\"elementor-element elementor-element-0d3fc37 elementor-widget elementor-widget-text-editor\" data-id=\"0d3fc37\" data-element_type=\"widget\" data-widget_type=\"text-editor.default\">\n\t\t\t\t<div class=\"elementor-widget-container\">\n\t\t\t\t\t\t\t\t\t<p data-pm-slice=\"1 1 []\"><strong>Deze website gebruikt cookies om de gebruikerservaring te verbeteren.<\/strong><\/p><h3 data-pm-slice=\"1 1 []\"> <\/h3><h3 data-pm-slice=\"1 1 []\">Wat zijn cookies?<\/h3><p data-pm-slice=\"1 1 []\">Cookies zijn kleine bestanden die de website op het apparaat van de gebruiker opslaat om de functionaliteit te verbeteren.<\/p><h3 data-pm-slice=\"1 1 []\"> <\/h3><h3 data-pm-slice=\"1 1 []\">Soorten cookies die we gebruiken<\/h3><ol data-spread=\"false\"><li><p><strong>Noodzakelijke cookies<\/strong> \u2013 vereist voor de basisfunctionaliteit van de website.<\/p><\/li><\/ol><h3> <\/h3><h3>Beheer van cookies<\/h3><p>Gebruikers kunnen cookie-instellingen beheren via de browserinstellingen.<\/p><h3> <\/h3><h3>Wijzigingen in het cookiebeleid<\/h3><p data-pm-slice=\"1 1 []\">De verwerkingsverantwoordelijke behoudt zich het recht voor om dit beleid te wijzigen. De bijgewerkte versie zal op de website worden gepubliceerd. <\/p>\t\t\t\t\t\t\t\t<\/div>\n\t\t\t\t<\/div>\n\t\t\t\t\t<\/div>\n\t\t\t\t<\/div>\n\t\t\t\t<\/div>\n\t\t","protected":false},"excerpt":{"rendered":"<p>PRIVACYBELEID Dit privacybeleid beschrijft hoe het bedrijf &#8220;MARINA \u010cERGAR STYLECOACH, eigenaar Marina \u010cergar&#8221; (hierna &#8220;Verwerkingsverantwoordelijke&#8221; genoemd) persoonlijke gegevens van gebruikers van de website www.marinacergar.com verzamelt, gebruikt en beschermt in overeenstemming met de Algemene Verordening Gegevensbescherming (AVG) en relevante wetgeving van de Republiek Kroati\u00eb. Verwerkingsverantwoordelijke MARINA \u010cERGAR STYLECOACH, eigenaar Marina \u010cergarAdres: Dugnjevec 20, 49295 KumrovecE-mail: hello@marinacergar.com [&hellip;]<\/p>\n","protected":false},"author":1,"featured_media":0,"parent":0,"menu_order":8,"comment_status":"closed","ping_status":"closed","template":"","meta":{"footnotes":""},"class_list":["post-2185","page","type-page","status-publish","hentry"],"yoast_head":"<!-- This site is optimized with the Yoast SEO plugin v26.4 - https:\/\/yoast.com\/wordpress\/plugins\/seo\/ -->\n<title>Privacybeleid en Cookies - Marina \u010cergar<\/title>\n<meta name=\"robots\" content=\"index, follow, max-snippet:-1, max-image-preview:large, max-video-preview:-1\" \/>\n<link rel=\"canonical\" href=\"https:\/\/marinacergar.com\/nl\/privacybeleid-en-cookies\/\" \/>\n<meta property=\"og:locale\" content=\"nl_NL\" \/>\n<meta property=\"og:type\" content=\"article\" \/>\n<meta property=\"og:title\" content=\"Privacybeleid en Cookies - Marina \u010cergar\" \/>\n<meta property=\"og:description\" content=\"PRIVACYBELEID Dit privacybeleid beschrijft hoe het bedrijf &#8220;MARINA \u010cERGAR STYLECOACH, eigenaar Marina \u010cergar&#8221; (hierna &#8220;Verwerkingsverantwoordelijke&#8221; genoemd) persoonlijke gegevens van gebruikers van de website www.marinacergar.com verzamelt, gebruikt en beschermt in overeenstemming met de Algemene Verordening Gegevensbescherming (AVG) en relevante wetgeving van de Republiek Kroati\u00eb. Verwerkingsverantwoordelijke MARINA \u010cERGAR STYLECOACH, eigenaar Marina \u010cergarAdres: Dugnjevec 20, 49295 KumrovecE-mail: hello@marinacergar.com [&hellip;]\" \/>\n<meta property=\"og:url\" content=\"https:\/\/marinacergar.com\/nl\/privacybeleid-en-cookies\/\" \/>\n<meta property=\"og:site_name\" content=\"Marina \u010cergar\" \/>\n<meta property=\"article:modified_time\" content=\"2025-11-07T12:48:45+00:00\" \/>\n<meta name=\"twitter:card\" content=\"summary_large_image\" \/>\n<meta name=\"twitter:label1\" content=\"Geschatte leestijd\" \/>\n\t<meta name=\"twitter:data1\" content=\"2 minuten\" \/>\n<script type=\"application\/ld+json\" class=\"yoast-schema-graph\">{\"@context\":\"https:\/\/schema.org\",\"@graph\":[{\"@type\":\"WebPage\",\"@id\":\"https:\/\/marinacergar.com\/nl\/privacybeleid-en-cookies\/\",\"url\":\"https:\/\/marinacergar.com\/nl\/privacybeleid-en-cookies\/\",\"name\":\"Privacybeleid en Cookies - Marina \u010cergar\",\"isPartOf\":{\"@id\":\"https:\/\/marinacergar.com\/nl\/#website\"},\"datePublished\":\"2025-02-13T18:31:07+00:00\",\"dateModified\":\"2025-11-07T12:48:45+00:00\",\"breadcrumb\":{\"@id\":\"https:\/\/marinacergar.com\/nl\/privacybeleid-en-cookies\/#breadcrumb\"},\"inLanguage\":\"nl-NL\",\"potentialAction\":[{\"@type\":\"ReadAction\",\"target\":[\"https:\/\/marinacergar.com\/nl\/privacybeleid-en-cookies\/\"]}]},{\"@type\":\"BreadcrumbList\",\"@id\":\"https:\/\/marinacergar.com\/nl\/privacybeleid-en-cookies\/#breadcrumb\",\"itemListElement\":[{\"@type\":\"ListItem\",\"position\":1,\"name\":\"Home\",\"item\":\"https:\/\/marinacergar.com\/nl\/home\/\"},{\"@type\":\"ListItem\",\"position\":2,\"name\":\"Privacybeleid en Cookies\"}]},{\"@type\":\"WebSite\",\"@id\":\"https:\/\/marinacergar.com\/nl\/#website\",\"url\":\"https:\/\/marinacergar.com\/nl\/\",\"name\":\"Marina \u010cergar\",\"description\":\"Stylecoach\",\"publisher\":{\"@id\":\"https:\/\/marinacergar.com\/nl\/#organization\"},\"potentialAction\":[{\"@type\":\"SearchAction\",\"target\":{\"@type\":\"EntryPoint\",\"urlTemplate\":\"https:\/\/marinacergar.com\/nl\/?s={search_term_string}\"},\"query-input\":{\"@type\":\"PropertyValueSpecification\",\"valueRequired\":true,\"valueName\":\"search_term_string\"}}],\"inLanguage\":\"nl-NL\"},{\"@type\":\"Organization\",\"@id\":\"https:\/\/marinacergar.com\/nl\/#organization\",\"name\":\"Marina \u010cergar\",\"url\":\"https:\/\/marinacergar.com\/nl\/\",\"logo\":{\"@type\":\"ImageObject\",\"inLanguage\":\"nl-NL\",\"@id\":\"https:\/\/marinacergar.com\/nl\/#\/schema\/logo\/image\/\",\"url\":\"https:\/\/marinacergar.com\/wp-content\/uploads\/2024\/10\/MC_Main_Bordo.png\",\"contentUrl\":\"https:\/\/marinacergar.com\/wp-content\/uploads\/2024\/10\/MC_Main_Bordo.png\",\"width\":2000,\"height\":1026,\"caption\":\"Marina \u010cergar\"},\"image\":{\"@id\":\"https:\/\/marinacergar.com\/nl\/#\/schema\/logo\/image\/\"}}]}<\/script>\n<!-- \/ Yoast SEO plugin. -->","yoast_head_json":{"title":"Privacybeleid en Cookies - Marina \u010cergar","robots":{"index":"index","follow":"follow","max-snippet":"max-snippet:-1","max-image-preview":"max-image-preview:large","max-video-preview":"max-video-preview:-1"},"canonical":"https:\/\/marinacergar.com\/nl\/privacybeleid-en-cookies\/","og_locale":"nl_NL","og_type":"article","og_title":"Privacybeleid en Cookies - Marina \u010cergar","og_description":"PRIVACYBELEID Dit privacybeleid beschrijft hoe het bedrijf &#8220;MARINA \u010cERGAR STYLECOACH, eigenaar Marina \u010cergar&#8221; (hierna &#8220;Verwerkingsverantwoordelijke&#8221; genoemd) persoonlijke gegevens van gebruikers van de website www.marinacergar.com verzamelt, gebruikt en beschermt in overeenstemming met de Algemene Verordening Gegevensbescherming (AVG) en relevante wetgeving van de Republiek Kroati\u00eb. Verwerkingsverantwoordelijke MARINA \u010cERGAR STYLECOACH, eigenaar Marina \u010cergarAdres: Dugnjevec 20, 49295 KumrovecE-mail: hello@marinacergar.com [&hellip;]","og_url":"https:\/\/marinacergar.com\/nl\/privacybeleid-en-cookies\/","og_site_name":"Marina \u010cergar","article_modified_time":"2025-11-07T12:48:45+00:00","twitter_card":"summary_large_image","twitter_misc":{"Geschatte leestijd":"2 minuten"},"schema":{"@context":"https:\/\/schema.org","@graph":[{"@type":"WebPage","@id":"https:\/\/marinacergar.com\/nl\/privacybeleid-en-cookies\/","url":"https:\/\/marinacergar.com\/nl\/privacybeleid-en-cookies\/","name":"Privacybeleid en Cookies - Marina \u010cergar","isPartOf":{"@id":"https:\/\/marinacergar.com\/nl\/#website"},"datePublished":"2025-02-13T18:31:07+00:00","dateModified":"2025-11-07T12:48:45+00:00","breadcrumb":{"@id":"https:\/\/marinacergar.com\/nl\/privacybeleid-en-cookies\/#breadcrumb"},"inLanguage":"nl-NL","potentialAction":[{"@type":"ReadAction","target":["https:\/\/marinacergar.com\/nl\/privacybeleid-en-cookies\/"]}]},{"@type":"BreadcrumbList","@id":"https:\/\/marinacergar.com\/nl\/privacybeleid-en-cookies\/#breadcrumb","itemListElement":[{"@type":"ListItem","position":1,"name":"Home","item":"https:\/\/marinacergar.com\/nl\/home\/"},{"@type":"ListItem","position":2,"name":"Privacybeleid en Cookies"}]},{"@type":"WebSite","@id":"https:\/\/marinacergar.com\/nl\/#website","url":"https:\/\/marinacergar.com\/nl\/","name":"Marina \u010cergar","description":"Stylecoach","publisher":{"@id":"https:\/\/marinacergar.com\/nl\/#organization"},"potentialAction":[{"@type":"SearchAction","target":{"@type":"EntryPoint","urlTemplate":"https:\/\/marinacergar.com\/nl\/?s={search_term_string}"},"query-input":{"@type":"PropertyValueSpecification","valueRequired":true,"valueName":"search_term_string"}}],"inLanguage":"nl-NL"},{"@type":"Organization","@id":"https:\/\/marinacergar.com\/nl\/#organization","name":"Marina \u010cergar","url":"https:\/\/marinacergar.com\/nl\/","logo":{"@type":"ImageObject","inLanguage":"nl-NL","@id":"https:\/\/marinacergar.com\/nl\/#\/schema\/logo\/image\/","url":"https:\/\/marinacergar.com\/wp-content\/uploads\/2024\/10\/MC_Main_Bordo.png","contentUrl":"https:\/\/marinacergar.com\/wp-content\/uploads\/2024\/10\/MC_Main_Bordo.png","width":2000,"height":1026,"caption":"Marina \u010cergar"},"image":{"@id":"https:\/\/marinacergar.com\/nl\/#\/schema\/logo\/image\/"}}]}},"_links":{"self":[{"href":"https:\/\/marinacergar.com\/nl\/wp-json\/wp\/v2\/pages\/2185","targetHints":{"allow":["GET"]}}],"collection":[{"href":"https:\/\/marinacergar.com\/nl\/wp-json\/wp\/v2\/pages"}],"about":[{"href":"https:\/\/marinacergar.com\/nl\/wp-json\/wp\/v2\/types\/page"}],"author":[{"embeddable":true,"href":"https:\/\/marinacergar.com\/nl\/wp-json\/wp\/v2\/users\/1"}],"replies":[{"embeddable":true,"href":"https:\/\/marinacergar.com\/nl\/wp-json\/wp\/v2\/comments?post=2185"}],"version-history":[{"count":1,"href":"https:\/\/marinacergar.com\/nl\/wp-json\/wp\/v2\/pages\/2185\/revisions"}],"predecessor-version":[{"id":2186,"href":"https:\/\/marinacergar.com\/nl\/wp-json\/wp\/v2\/pages\/2185\/revisions\/2186"}],"wp:attachment":[{"href":"https:\/\/marinacergar.com\/nl\/wp-json\/wp\/v2\/media?parent=2185"}],"curies":[{"name":"wp","href":"https:\/\/api.w.org\/{rel}","templated":true}]}}